{"id":3,"date":"2021-02-10T10:35:35","date_gmt":"2021-02-10T10:35:35","guid":{"rendered":"https:\/\/bridge419.qodeinteractive.com\/?page_id=3"},"modified":"2023-05-05T17:54:58","modified_gmt":"2023-05-05T15:54:58","slug":"politica-confidentialitate","status":"publish","type":"page","link":"https:\/\/meclerhumanresources.com\/en\/politica-confidentialitate\/","title":{"rendered":"Privacy Policy"},"content":{"rendered":"<section class=\"wpb-content-wrapper\"><div      class=\"vc_row wpb_row section vc_row-fluid\" style=' text-align:left;'><div class=\"full_section_inner clearfix\"><div class=\"wpb_column vc_column_container vc_col-sm-12\"><div class=\"vc_column-inner\"><div class=\"wpb_wrapper\">\n\t<div class=\"wpb_text_column wpb_content_element\">\n\t\t<div class=\"wpb_wrapper\">\n\t\t\t<p>Politica de confidentialitate\/cookies<br \/>Aceast\u0103 politic\u0103 se refer\u0103 la folosirea cookies pe WWW.MECLERHUMANRESOURCES.COM<br \/>Ce reprezint\u0103 cookies ?<\/p>\n<p>Cookie-ul este un fi\u0219ier de mici dimensiuni, format din litere \u015fi numere, care va fi stocat pe<br \/>computerul, terminalul mobil sau alte echipamente ale unui utilizator de pe care se acceseaz\u0103<br \/>internetul. Cookie-ul este instalat prin solicitarea emis\u0103 de c\u0103tre un web-server unui browser (ex:<br \/>Internet Explorer, Chrome) \u015fi este complet \u201cpasiv\u201d (nu con\u0163ine programe software, viru\u015fi sau<br \/>spyware \u015fi nu poate accesa informa\u0163iile de pe hard driverul utilizatorului).<br \/>La ce folosesc Cookies?<\/p>\n<p>Aceste fi\u0219iere fac posibil\u0103 recunoa\u0219terea terminalului utilizatorului \u015fi prezentarea con\u021binutului \u00eentr-<br \/>un mod relevant, adaptat preferin\u021belor utilizatorului. Cookie-urile asigur\u0103 utilizatorilor o<br \/>experien\u021b\u0103 pl\u0103cut\u0103 de navigare \u015fi sus\u0163in eforturile Mecler si Mecler Group SRL de a oferi servicii<br \/>confortabile utilizatorilor: ex: \u2013 preferin\u021bele \u00een materie de confiden\u021bialitate online, publicitate<br \/>relevant\u0103. De asemenea, sunt utilizate \u00een preg\u0103tirea unor statistici anonime agregate care ne ajut\u0103<br \/>s\u0103 \u00een\u021belegem cum un utilizator beneficiaz\u0103 de paginile noastre web, permi\u0163\u00e2ndu-ne \u00eembun\u0103t\u0103\u021birea<br \/>structurii \u015fi con\u021binutului lor, excluz\u00e2nd identificarea personal\u0103 a utilizatorului.<br \/>Cum folose\u0219te site-ul nostru cookies ?<\/p>\n<p>Folosim dou\u0103 tipuri de Cookie-uri: per sesiune \u015fi fixe. Cele per sesiune sunt fi\u0219iere temporare ce<br \/>r\u0103m\u00e2n \u00een terminalul utilizatorului p\u00e2n\u0103 la terminarea sesiunii sau \u00eenchiderea aplica\u021biei (browser-<br \/>ului web). Cele fixe r\u0103m\u00e2n pe terminalul utilizatorului pe o perioada definit\u0103 de parametrii Cookie-<br \/>ului sau p\u00e2n\u0103 sunt \u0219terse manual de utilizator.<br \/>Folosim cookie-uri pentru a personaliza con\u0163inutul \u015fi anun\u0163urile, pentru a oferi func\u0163ii de re\u0163ele<br \/>sociale \u015fi pentru a analiza traficul. De asemenea, le oferim partenerilor de re\u0163ele sociale, de<br \/>publicitate \u015fi de analize informa\u0163ii cu privire la modul \u00een care folosi\u0163i site-ul nostru. Ace\u015ftia le pot<br \/>combina cu alte informa\u0163ii oferite de dvs. sau culese \u00een urma folosirii serviciilor lor.<br \/>Tipuri cookies: interne<br \/>\u00cen urma unei vizite pe site-ul nostru se pot plasa cookie-uri \u00een scopuri de:<br \/>Cookie-uri esen\u0163iale. Necesare pentru func\u0163ionarea site-ului. Putem folosi module cookie esen\u0163iale<br \/>pentru a autentifica utilizatorii, pentru a preveni utilizarea frauduloas\u0103 a conturilor de utilizator<br \/>sau pentru a oferi func\u0163ii specifice site-ului.<br \/>Cookie-uri de m\u0103surare a traficului. Ne permite s\u0103 recunoa\u015ftem \u015fi s\u0103 num\u0103r\u0103m num\u0103rul de<br \/>vizitatori \u015fi s\u0103 vedem cum se deplaseaz\u0103 vizitatorii \u00een site c\u00e2nd \u00eel folosesc. Acest lucru ne ajut\u0103 s\u0103<br \/>\u00eembun\u0103t\u0103\u0163im modul \u00een care func\u0163ioneaz\u0103 site-ul.<br \/>Cookie-uri de func\u0163ionalitate. Este folosit pentru a v\u0103 recunoa\u015fte c\u00e2nd v\u0103 \u00eentoarce\u0163i la Site. Acest<br \/>lucru ne permite s\u0103 personaliz\u0103m con\u0163inutul nostru pentru dvs., s\u0103 v\u0103 salut\u0103m dup\u0103 nume \u015fi s\u0103 v\u0103<br \/>amintim preferin\u0163ele dvs. (de exemplu, alegerea limbii sau regiunii dvs.).<br \/>Cookie de targetare. \u00cenregistreaz\u0103 vizita dvs pe site, paginile pe care le-a\u0163i vizitat \u015fi link-urile pe<br \/>care a\u0163i dat click. Vom folosi aceste informa\u0163ii pentru a face site-ul \u015fi mai relevant pentru<\/p>\n<p>interesele dvs. De asemenea, exist\u0103 posibilitatea de a \u00eemp\u0103rt\u0103\u015fi aceste informa\u0163ii unor ter\u0163e p\u0103r\u0163i,<br \/>tot \u00een scopul de a face site-ul mai relevant pentru dvs.<br \/>Tipuri cookies : ter\u0163\u0103-parte<br \/>Pe l\u00e2ng\u0103 cookie-urile proprii, este posibil s\u0103 fie folosite \u015fi alte cookie-uri ter\u0163\u0103 parte (third-party)<br \/>pentru a raporta statisticile de utilizare a site-ului \u015fi pentru a \u00eembun\u0103t\u0103\u0163i eforturile de marketing.<br \/>Urm\u0103rirea cookie-urilor\/tracking cookies. Urm\u0103resc comportamentul pe site \u015fi \u00eel leag\u0103 de alte<br \/>valori care s\u0103 permit\u0103 o mai bun\u0103 \u00een\u0163elegere a obiceiurilor de utilizare.<br \/>Cookie-uri de optimizare\/Optimization cookie. Permit urm\u0103rirea \u00een timp real a conversiei<br \/>utilizatorilor din diverse canale de marketing pentru a evalua eficien\u0163a acestora.<br \/>Cookie-uri pentru parteneri. Ofer\u0103 partenerilor no\u015ftri metrici de conversie pentru a-\u015fi putea<br \/>optimiza eforturile de marketing pl\u0103tite.<br \/>Cookies prelucreaz\u0103 date personale?<br \/>Cookie-urile \u00een sine nu solicit\u0103 informa\u0163ii cu caracter personal pentru a putea fi utilizate \u015fi, \u00een cele<br \/>mai multe cazuri, nu identific\u0103 personal utilizatorii de internet. Datele personale colectate prin<br \/>utilizarea<br \/>Cookie-urilor pot fi colectate doar pentru a facilita anumite func\u0163ionalit\u0103\u0163i pentru utilizator. Aceste<br \/>date sunt criptate \u00eentr-un mod care face imposibil accesul persoanelor neautorizate la ele.<br \/>Care sunt op\u0163iunile privind cookies<br \/>\u00cen general, o aplica\u0163ie folosit\u0103 pentru accesarea paginilor web permite salvarea Cookie-urilor pe<br \/>terminal \u00een mod implicit.<br \/>Aceste set\u0103ri pot fi schimbate \u00een a\u015fa fel \u00eenc\u00e2t administrarea automat\u0103 a Cookie-urilor s\u0103 fie blocat\u0103<br \/>de browser-ul web sau utilizatorul s\u0103 fie informat de fiecare dat\u0103 c\u00e2nd Cookie-uri sunt trimise<br \/>c\u0103tre terminalul s\u0103u. Informa\u0163ii detaliate despre posibilit\u0103\u0163ile \u015fi modurile de administrare a Cookie-<br \/>urilor pot fi g\u0103site \u00een zona de set\u0103ri a aplica\u0163iei (browser-ului web).<br \/>Limitarea folosirii Cookie-urilor poate afecta \u00eens\u0103 anumite func\u0163ionalit\u0103\u0163i ale paginii web.<br \/>\u00cen acest sens Cookie-urile Esen\u0163iale (f\u0103r\u0103 de care site-ul nostru nu mai poate func\u0163iona corect) nu<br \/>pot fi editate.<br \/>Pentru informa\u0163ii sau solicit\u0103ri \u00een baza dreptului persoanelor vizate conform GDPR, v\u0103 puteti<br \/>adresa Responsabilului cu Protec\u0163ia Datelor la adresa de e-mail: sales@meclerlogistics.com<br \/>Importan\u021ba folosirii cookies<br \/>Cookie-urile reprezint\u0103 punctul central al func\u0163ion\u0103rii eficiente a Internetului, ajut\u00e2nd la generarea<br \/>unei experien\u0163e de navigare prietenoase \u015fi adaptat\u0103 preferin\u0163elor \u015fi intereselor fiec\u0103rui utilizator.<br \/>Refuzarea sau dezactivarea cookie-urilor poate face unele site-uri imposibil de folosit.<br \/>Refuzarea sau dezactivarea cookie-urilor nu \u00eenseamn\u0103 c\u0103 nu ve\u0163i mai primi publicitate online \u2013 ci<br \/>doar c\u0103 aceasta nu va mai putea \u0163ine cont de preferin\u0163ele \u015fi interesele dvs, eviden\u0163iate prin<br \/>comportamentul de navigare.<br \/>Politica de Confiden\u021bialitate.<\/p>\n<p>Mecler si Mecler Group SRL proprietar al site-ului<br \/>WWW.MECLERHUMANRESOURCES.COM ,a adoptat aceast\u0103 Politic\u0103 de Confiden\u021bialitate \u00een<br \/>vederea alinierii opera\u021biunilor de prelucrare a datelor personale conform cerin\u021belor<br \/>Regulamentului<br \/>679\/2016UE \u0219i pentru a v\u0103 informa, conform obliga\u021biilor legale ce ne revin ,\u00een leg\u0103tur\u0103 cu<br \/>prelucrarea datelor personale . Operatorul prin m\u0103surile tehnice \u0219i organizatorice adoptate<br \/>asigur\u0103 protec\u021bia Datelor Personale ale tuturor clien\u021bilor \u0219i\/sau vizitatorilor website-ului<br \/>WWW.MECLERHUMANRESOURCES.COM .<br \/>Este important pentru noi s\u0103 v\u0103 furniz\u0103m \u00eentr-o manier\u0103 completa \u0219i integrat\u0103 informa\u021biile legate<br \/>de prelucrarea datelor dumneavoastr\u0103 cu caracter personal.<\/p>\n<p>1. Defini\u021bii<\/p>\n<p>Date cu caracter personal: se refer\u0103 la informa\u021bii ce permit identificarea persoanelor, private<br \/>sau profesionale, cum ar fi nume complet, adres\u0103 po\u0219tal\u0103, cod po\u0219tal, telefon de contact, email,<br \/>etc.;<br \/>Prelucrare: reprezint\u0103 orice opera\u021biune sau set de opera\u021biuni, care se efectueaz\u0103 asupra<br \/>datelor, prin mijloace automate sau neautomate, cum ar fi: colectarea, \u00eenregistrarea,<br \/>organizarea, structurarea, stocarea, adaptarea sau modificarea, extragerea, consultarea,<br \/>utilizarea, divulgarea prin transmitere, diseminarea sau punerea la dispozi\u021bie \u00een orice alt mod,<br \/>alinierea sau combinarea, restric\u021bionarea, blocarea, \u0219tergerea sau distrugerea.<br \/>Operator: persoana fizic\u0103 sau juridic\u0103, autoritatea public\u0103, agen\u021bia sau orice alt organism care,<br \/>singur sau \u00een comun cu al\u021bii, determin\u0103 scopurile \u0219i mijloacele de prelucrare a datelor cu caracter<br \/>personal.<br \/>Persoan\u0103 \u00cemputernicit\u0103: o persoan\u0103 fizic\u0103 sau juridic\u0103, o autoritate public\u0103, o agen\u021bie sau orice<br \/>alt organism care prelucreaz\u0103 date cu caracter personal \u00een numele unui Operator.<br \/>Prelucrarea transfrontalier\u0103 a datelor cu caracter personal: prelucrarea datelor cu caracter<br \/>personal care are loc \u00een contextul activit\u0103\u021bilor sediilor din mai multe State Membre ale<br \/>operatorului sau persoanei \u00eemputernicite din Uniunea European\u0103 atunci c\u00e2nd operatorul sau<br \/>persoana \u00eemputernicit\u0103 este stabilit\u0103 \u00een mai multe State Membre; sau prelucrarea datelor cu<br \/>character personal care are loc \u00een contextul activit\u0103\u021bilor unui singur sediu al operatorului sau<br \/>persoanei \u00eemputernicite \u00een Uniune, dar care afecteaz\u0103 \u00een mod substan\u021bial sau care poate afecta \u00een<br \/>mod substan\u021bial persoanele vizate \u00een mai multe State Membre; Autoritate de supraveghere:<br \/>Autoritatea Na\u021bional\u0103 de Supraveghere a Prelucr\u0103rii Datelor cu Caracter Personal<\/p>\n<p>2. C\u00e2nd se colecteaz\u0103 date personale \u0219i de la cine<br \/>Categoriile de persoane (vizate) ale c\u0103ror date vor fi prelucrate de c\u0103tre Operator sunt clien\u021bii<br \/>persoane fizice (actuali, fo\u0219ti sau poten\u021biali) ai Mecler si Mecler Group SRL, publicul larg, precum \u0219i<br \/>reprezentan\u021bii\/\u00eemputernici\u021bii acestora, legali sau conven\u021bionali.<br \/>\u00cen cazul acces\u0103rii site-ul WWW.MECLERHUMANRESOURCES.COM ca vizitator anonim, se vor<br \/>colecta<br \/>automat c\u00e2teva informa\u021bii tehnice ,prin intermediul programelor de tip cookies pentru buna<br \/>func\u021bionare a site-ului. Informa\u021biile astfel colectate sunt anonime . Pentru \u00eenregistrarea unei<br \/>solicit\u0103ri privind prestarea unui serviciu prestat de c\u0103tre Mecler si Mecler Group SRL, v\u0103 vor fi<br \/>solicitate ,cu acordul dvs., prin intermediul formularelor ce se g\u0103sesc \u00een sec\u021biunea \u201dFormulare\u201d<br \/>aflat\u0103 pe site-ul nostru urm\u0103toarele informa\u021bii:<br \/>a) nume, prenume, adresa, telefon, email , cet\u0103\u021benie;<br \/>b) nume , prenume, adresa, telefon, email, cet\u0103\u021benie, preg\u0103tire profesional\u0103, experien\u021b\u0103<br \/>profesional\u0103;<br \/>c) nume, prenume, telefon, email, fax;<br \/>Dup\u0103 caz, \u0219i \u00een func\u021bie de serviciul solicitat, este posibil s\u0103 fie necesar s\u0103 colectam \u0219i alte date<br \/>cu caracter personal, \u00een special atunci c\u00e2nd se furnizeaz\u0103 \u0219i servicii de transfer financiar, cum ar<br \/>fi: un cont bancar, etc.<br \/>Dumneavoastr\u0103, \u00een calitate de persoan\u0103 vizat\u0103, trebuie s\u0103 v\u0103 \u00eengriji\u021bi ca datele furnizate<br \/>Operatorului spre prelucrarea s\u0103 fie complete, actualizate \u015fi corecte.<\/p>\n<p>3. Scopul prelucr\u0103rii<\/p>\n<p>Mecler si Mecler Group SRL prelucreaz\u0103 Date Personale \u00een m\u0103sura \u00een care este necesar pentru<br \/>\u00eendeplinirea scopurilor prev\u0103zute \u00een acest document :<br \/>\u2013 prestarea serviciilor prezentate prin intermediul site-ului<br \/>WWW.MECLERHUMANRESOURCES.COM ;<br \/>\u2013 realizarea unor obliga\u021bii legale (facturarea \u015fi \u00eencasarea serviciilor, \u00eenregistrare RECOM) ;<br \/>\u2013 promovare, reclam\u0103, inclusiv prin transmiterea de oferte comerciale generale sau<br \/>personalizate viz\u00e2nd serviciile prestate de c\u0103tre societate ;<br \/>\u2013 auditarea ,dezvoltarea \u015fi \u00eembun\u0103t\u0103\u021birea produselor\/serviciilor oferite;<br \/>\u2013 gestionarea rela\u021biei cu clien\u021bii;<br \/>\u2013 \u00eendeplinirea oric\u0103ror interese legitime incidente ;<br \/>Este important de \u0219tiut c\u0103 refuzul acord\u0103rii accesului la aceste Date Personale poate determina<br \/>imposibilitatea furniz\u0103rii de c\u0103tre Operator a produselor\/serviciilor solicitate.<br \/>Mecler si Mecler Group SRL va considera toate informa\u021biile personale la care va avea acces ca fiind<br \/>confiden\u021biale \u015fi nu le va transmite altor entit\u0103\u021bi \u00een afara celor men\u021biona\u021bi \u00een prezentul document<br \/>f\u0103r\u0103 consim\u021b\u0103m\u00e2ntul dumneavoastr\u0103 expres \u015fi anterior exprimat .<\/p>\n<p>4. Baza legal\u0103 a prelucr\u0103rii de Date Personale<br \/>Datele Personale sunt colectate de c\u0103tre Mecler si Mecler Group SRL pentru a fi prelucrate numai<br \/>\u00een scopurile declarate ,respect\u00e2nd condi\u021biile impuse \u00een Art.6 (1) din Regulamentul 679\/2016UE :<br \/>(a)- persoana vizat\u0103 \u0219i-a dat consim\u021b\u0103m\u00e2ntul pentru prelucrarea datelor sale cu caracter<br \/>personal pentru unul sau mai multe scopuri specifice;<br \/>(b)- prelucrarea este necesar\u0103 pentru executarea unui contract la care persoana vizat\u0103 este<br \/>parte sau pentru a face demersuri la cererea persoanei vizate \u00eenainte de \u00eencheierea unui<br \/>contract;<br \/>(c)- prelucrarea este necesar\u0103 \u00een vederea \u00eendeplinirii unei obliga\u021bii legale care \u00eei revine<br \/>operatorului;<br \/>(f)- prelucrarea este necesar\u0103 \u00een scopul intereselor legitime urm\u0103rite de operator sau de o parte<br \/>ter\u021b\u0103, cu excep\u021bia cazului \u00een care prevaleaz\u0103 interesele sau drepturile \u0219i libert\u0103\u021bile<br \/>fundamentale ale persoanei vizate, care necesit\u0103 protejarea datelor cu caracter personal, \u00een<br \/>special atunci c\u00e2nd persoana vizat\u0103 este un copil.<\/p>\n<p>5. Destinatari ai datelor Personale<br \/>Destinatarii ai datelor cu caracter personal prelucrate de c\u0103tre Operator pot fi :<br \/>\u2013 Mecler si Mecler Group SRL prin personalul autorizat al societ\u0103\u021bii ;<br \/>\u2013 companiile afiliate Operatorului \u0219i\/sau Operatorii Asocia\u021bi, care \u00eempreun\u0103 proceseaz\u0103 datele<br \/>dvs. ca parte din executarea unui contract ;<br \/>\u2013 firme de curierat ;<br \/>\u2013 societ\u0103\u021bi financiare pentru procesarea pl\u0103\u021bilor electronice ;<br \/>\u2013 partenerii \u00cemputernici\u021bi ai Mecler si Mecler Group SRL (ex: administrator site,<br \/>contabilitate, etc.);<br \/>\u2013 dup\u0103 caz ,autorit\u0103\u021bi publice centrale \u015fi locale, autorit\u0103\u021bi judec\u0103tore\u0219ti, politie, parchet (\u00een<br \/>limitele prevederilor legale \u015fi\/sau ca urmare a unor cereri expres formulate);<\/p>\n<p>6. Perioada de p\u0103strare a Datelor Personale<\/p>\n<p>Mecler si Mecler Group SRL va prelucra datele cu caracter personal strict at\u00e2t c\u00e2t este necesar<br \/>pentru realizarea scopurilor enumerate ,f\u0103r\u0103 a dep\u0103\u0219i termenul maxim de 10 ani ,excep\u021bie f\u0103c\u00e2nd<br \/>prevederile legale privind arhivarea anumitor documente. Ulterior \u00eencheierii opera\u021biunilor de<br \/>prelucrare a datelor cu caracter personal, \u00een scopurile pentru care au fost colectate, acestea vor fi<br \/>distruse folosindu-se metode profesionale garantate \u0219i respect\u00e2nd procedurile aprobate .<br \/>Persoanele vizate \u00ee\u015fi pot retrage consim\u021b\u0103m\u00e2ntul, privind prelucrarea datelor, oric\u00e2nd \u015fi f\u0103r\u0103 s\u0103<br \/>fie necesar s\u0103 indice un motiv ,fie prin formularea unei solicit\u0103rii scrise ce poate fi transmis\u0103 la<br \/>adresa de e-mail: sales@meclerlogistics.com<br \/>Ulterior solu\u021bion\u0103rii cererii de retragere a consim\u021b\u0103m\u00e2ntului, informa\u021biile clientului vor fi \u0219terse ,<br \/>orice informa\u021bie legata de istoricul privind comenzile acestuia urm\u00e2nd a fi anonimizate iar<br \/>persoana vizat\u0103 nu va mai primi inform\u0103ri comerciale cu privire la produsele\/serviciile oferite de<br \/>societatea noastr\u0103 .<\/p>\n<p>7. Asigurarea confiden\u021bialit\u0103\u021bii Datelor Personale<br \/>Pentru a asigura securitatea , integritatea ,evitarea utiliz\u0103rii neautorizate , precum \u015fi eventualele<br \/>abuzuri, Mecler si Mecler Group SRL a implementat tehnologii avansate de securitate \u0219i le-a<br \/>asociat cu politici \u015fi proceduri de sistem adecvate.<br \/>Trebuie \u00eens\u0103 \u0219tiut c\u0103 securitatea integral\u0103 a datelor transmise prin re\u021belele publice de internet nu<br \/>poate fi niciodat\u0103 total garantat\u0103. Mecler si Mecler Group SRL depune toate eforturile \u00een privin\u021ba<br \/>protej\u0103rii datelor transmise c\u0103tre website-ul WWW.MECLERHUMANRESOURCES.COM<br \/>Orice transmisie de date \u00eens\u0103 se face pe riscul persoanelor vizate.<\/p>\n<p>8. Drepturile Persoanelor Vizate privind protec\u021bia datelor<\/p>\n<p>Conform GDPR persoanele vizate au : dreptul de acces, dreptul la rectificare, dreptul la<br \/>\u0219tergerea datelor, dreptul de a solicita restric\u021bionarea prelucr\u0103rii, dreptul la portabilitatea<br \/>datelor, dreptul la opozi\u021bie \u00een cazul folosirii proceselor automatizate de prelucrare a datelor<br \/>personale.<br \/>\u00cen cazul apari\u021biei unor suspiciuni legate de nerespectarea drepturilor mai sus men\u021bionate,<br \/>persoana vizat\u0103 poate depune o pl\u00e2ngere la A.N.S.P.D.C.P.<br \/>\u00cen cazul \u00een care, persoanele vizate, direct sau prin reprezentant, \u00ee\u015fi exercit\u0103 drepturile men\u021bionate<br \/>mai sus, \u00een mod v\u0103dit nefondat, nejustificat sau excesiv, \u00een special din cauza caracterului lor<br \/>repetitiv, Mecler si Mecler Group SRL poate:<br \/>\u2013 fie s\u0103 perceap\u0103 o taxa rezonabil\u0103 \u021bin\u00e2nd cont de costurile administrative pentru furnizarea<br \/>informa\u021biilor sau a comunic\u0103rii sau pentru luarea masurilor solicitate;<br \/>\u2013 fie sa refuze s\u0103 dea curs cererii.<br \/>Pentru exercitarea acestor drepturi, v\u0103 pute\u021bi adresa la adresa de e-mail:<br \/>sales@meclerlogistics.com<\/p>\n<p>9. Responsabil cu Protec\u021bia Datelor<\/p>\n<p>V\u0103 informam ca Responsabilul cu Protec\u021bia Datelor al Mecler si Mecler Group SRL poate fi<br \/>contactat la adresa de mail: sales@meclerlogistics.com<\/p>\n<p>10. Dispozi\u021bii finale<br \/>Prin citirea acestui document presupunem c\u0103 a\u021bi luat cuno\u0219tin\u021b\u0103 \u0219i \u00een\u021belege\u021bi c\u0103 datele cu caracter<br \/>personal prelucrate de c\u0103tre Mecler si Mecler Group SRL constituie elemente determinante pentru<br \/>accesarea serviciilor oferite de Mecler si Mecler Group SRL \u015fi\/sau derularea activit\u0103\u021bii<br \/>comerciale\/contractuale.<br \/>Aceste prevederi pot suferi modific\u0103ri\/actualiz\u0103ri ocazionale. V\u0103 recomand\u0103m s\u0103 verifica\u021bi la<br \/>fiecare utilizare a website-ului WWW.MECLERHUMANRESOURCES.COM prezentele prevederi,<br \/>pentru a fi<br \/>tot timpul informa\u021bi \u00een leg\u0103tur\u0103 cu acestea.<br \/>Prin accesarea website-ului WWW.MECLERHUMANRESOURCES.COM, ulterior modific\u0103rilor, noile<br \/>prevederi acestea se vor considera acceptate.<\/p>\n\n\t\t<\/div> \n\t<\/div> <\/div><\/div><\/div><\/div><\/div>\n<\/section>","protected":false},"excerpt":{"rendered":"Politica de confidentialitate\/cookiesAceast\u0103 politic\u0103 se refer\u0103 la folosirea cookies pe WWW.MECLERHUMANRESOURCES.COMCe reprezint\u0103 cookies ? Cookie-ul este un fi\u0219ier de mici dimensiuni, format din litere \u015fi numere, care va fi stocat pecomputerul, terminalul mobil sau alte echipamente ale unui utilizator de pe care se acceseaz\u0103internetul. Cookie-ul...","protected":false},"author":1,"featured_media":0,"parent":0,"menu_order":0,"comment_status":"closed","ping_status":"open","template":"","meta":{"content-type":"","footnotes":""},"class_list":["post-3","page","type-page","status-publish","hentry"],"_links":{"self":[{"href":"https:\/\/meclerhumanresources.com\/en\/wp-json\/wp\/v2\/pages\/3","targetHints":{"allow":["GET"]}}],"collection":[{"href":"https:\/\/meclerhumanresources.com\/en\/wp-json\/wp\/v2\/pages"}],"about":[{"href":"https:\/\/meclerhumanresources.com\/en\/wp-json\/wp\/v2\/types\/page"}],"author":[{"embeddable":true,"href":"https:\/\/meclerhumanresources.com\/en\/wp-json\/wp\/v2\/users\/1"}],"replies":[{"embeddable":true,"href":"https:\/\/meclerhumanresources.com\/en\/wp-json\/wp\/v2\/comments?post=3"}],"version-history":[{"count":1,"href":"https:\/\/meclerhumanresources.com\/en\/wp-json\/wp\/v2\/pages\/3\/revisions"}],"predecessor-version":[{"id":1695,"href":"https:\/\/meclerhumanresources.com\/en\/wp-json\/wp\/v2\/pages\/3\/revisions\/1695"}],"wp:attachment":[{"href":"https:\/\/meclerhumanresources.com\/en\/wp-json\/wp\/v2\/media?parent=3"}],"curies":[{"name":"wp","href":"https:\/\/api.w.org\/{rel}","templated":true}]}}